{"id":110,"date":"2016-08-03T08:01:48","date_gmt":"2016-08-03T08:01:48","guid":{"rendered":"http:\/\/themes.pixelwars.org\/theblogger\/default\/?page_id=110"},"modified":"2023-02-14T19:44:21","modified_gmt":"2023-02-14T19:44:21","slug":"despre-noi","status":"publish","type":"page","link":"https:\/\/romaniacurata.ro\/monitoruleducatiei\/","title":{"rendered":"Monitorul Educa\u021biei"},"content":{"rendered":"<p>[vc_row][vc_column][\/vc_column][\/vc_row][vc_row][vc_column][vc_column_text]<b>Ce este Monitorul Educa\u021biei?<\/b><\/p>\n<p><span style=\"font-weight: 400;\">Parlamentul este institu\u021bia \u00een care cet\u0103\u021benii au gradul cel mai sc\u0103zut de \u00eencredere, conform unui studiu realizat de INSCOP \u00een 2020. Mai mult dec\u00e2t at\u00e2t, doar 10% dintre tineri vorbesc despre politic\u0103 regulat, conform unui studiu realizat de Friedrich Ebert Stiftung \u00een 2014 cu privire la aspira\u021biile \u0219i stilul de via\u021b\u0103 al tinerilor.<\/span><\/p>\n<p><span style=\"font-weight: 400;\">Conform Rezolu\u021biei Consiliului privind \u00eencurajarea particip\u0103rii politice a tinerilor la via\u021ba democratic\u0103 \u00een Europa (2015\/C 417\/02), caracteristicile proceselor de participare politic\u0103 eficace \u0219i real\u0103 a tinerilor includ feedback \u0219i monitorizare comprehensiv\u0103 asupra deciziilor autorit\u0103\u021bilor \u0219i relevan\u021ba acestor decizii fa\u021b\u0103 de tineri. Din p\u0103cate, aceast\u0103 monitorizare este realizat\u0103 precar sau deloc asupra politicilor educa\u021bionale din Rom\u00e2nia, motiv pentru care societatea civil\u0103 din \u021bara noastr\u0103 a aflat mult prea t\u00e2rziu de faptul c\u0103, \u00een 2020, \u00een Parlamentul Rom\u00e2niei, printr-un amendament depus ad-hoc, accesul elevilor la educa\u021bie sexual\u0103 a fost \u00eengr\u0103dit f\u0103r\u0103 o dezbatere cu speciali\u0219tii \u00een \u0219tiin\u021bele educa\u021biei. \u00cen acela\u0219i sens, universit\u0103\u021bile au aflat mult prea t\u00e2rziu c\u0103 programele de studii de gen ar urma s\u0103 fie interzise, pe fondul unui alt amendament depus la foc automat.<\/span><\/p>\n<p><span style=\"font-weight: 400;\">Monitorul Educa\u021biei din Rom\u00e2nia \u00eenseamn\u0103, \u00een primul r\u00e2nd, cre\u0219terea de c\u0103tre Societatea Academic\u0103 din Rom\u00e2nia unei genera\u021bii de watchdogs \u00een domeniul politicilor educa\u021bionale, prin recrutarea \u0219i formarea a 15 tineri cu v\u00e2rste cuprinse \u00eentre 15 \u0219i 35 de ani, care vor <\/span><b>analiza \u0219i comenta agenda parlamentar\u0103 \u00een domeniul educa\u021biei<\/b><span style=\"font-weight: 400;\">, vor <\/span><b>prezenta biografiile parlamentarilor<\/b><span style=\"font-weight: 400;\"> \u0219i vor <\/span><b>analiza declara\u021biile politice ale ale\u0219ilor locali <\/b><span style=\"font-weight: 400;\">\u00een domeniul \u00eenv\u0103\u021b\u0103m\u00e2ntului, <\/span><b>semnal\u00e2nd fake news-urile \u0219i \u00eenc\u0103lc\u0103rile legii<\/b><span style=\"font-weight: 400;\">.<\/span><\/p>\n<p><strong>Proiectul este derulat de Societatea Academic\u0103 din Rom\u00e2nia, \u00een parteneriat cu Asocia\u021bia pentru Dezvoltare Activ\u0103 \u0219i beneficiaz\u0103 de o finan\u021bare \u00een valoare de 99.990 euro, prin programul Active Citizens Fund Rom\u00e2nia, finan\u021bat de Islanda, Liechtenstein \u0219i Norvegia prin Granturile SEE 2014-2021. Con\u021binutul acestui website nu reprezint\u0103 \u00een mod necesar pozi\u021bia oficial\u0103 a Granturilor SEE \u0219i Norvegiene 2014-2021; pentru mai multe informa\u021bii accesa\u021bi\u00a0<a href=\"https:\/\/www.eeagrants.org\/\">www.eeagrants.org<\/a>. Informa\u021bii despre Active Citizens Fund Rom\u00e2nia sunt disponibile la\u00a0<a href=\"https:\/\/www.activectizensfund.ro\/\">www.activectizensfund.ro<\/a>.<\/strong><\/p>\n<p><b>Lucr\u0103m \u00eempreun\u0103 pentru o Europ\u0103 verde, competitiv\u0103 \u0219i incluziv\u0103!<\/b>[\/vc_column_text][\/vc_column][\/vc_row]<\/p>\n","protected":false},"excerpt":{"rendered":"<p>[vc_row][vc_column][\/vc_column][\/vc_row][vc_row][vc_column][vc_column_text]Ce este Monitorul Educa\u021biei? Parlamentul este institu\u021bia \u00een care cet\u0103\u021benii au gradul cel mai sc\u0103zut de \u00eencredere, conform unui studiu realizat de INSCOP \u00een 2020. Mai mult dec\u00e2t at\u00e2t, doar 10% dintre tineri vorbesc despre politic\u0103 regulat, conform unui studiu realizat de Friedrich Ebert Stiftung \u00een 2014 cu privire la aspira\u021biile \u0219i stilul de via\u021b\u0103 al tinerilor. Conform Rezolu\u021biei Consiliului privind \u00eencurajarea particip\u0103rii politice a&#8230; <\/p>\n<p class=\"more\"><a class=\"more-link\" href=\"https:\/\/romaniacurata.ro\/monitoruleducatiei\/\">Read More<\/a><\/p>\n","protected":false},"author":1,"featured_media":0,"parent":0,"menu_order":1,"comment_status":"closed","ping_status":"closed","template":"","meta":{"footnotes":""},"class_list":["post-110","page","type-page","status-publish","hentry"],"yoast_head":"<!-- This site is optimized with the Yoast SEO plugin v20.0 - https:\/\/yoast.com\/wordpress\/plugins\/seo\/ -->\n<title>Monitorul Educa\u021biei - extemporal parlamentar<\/title>\n<meta name=\"robots\" content=\"index, follow, max-snippet:-1, max-image-preview:large, max-video-preview:-1\" \/>\n<link rel=\"canonical\" href=\"https:\/\/romaniacurata.ro\/monitoruleducatiei\/\" \/>\n<meta property=\"og:locale\" content=\"en_US\" \/>\n<meta property=\"og:type\" content=\"article\" \/>\n<meta property=\"og:title\" content=\"Monitorul Educa\u021biei - extemporal parlamentar\" \/>\n<meta property=\"og:description\" content=\"[vc_row][vc_column][\/vc_column][\/vc_row][vc_row][vc_column][vc_column_text]Ce este Monitorul Educa\u021biei? Parlamentul este institu\u021bia \u00een care cet\u0103\u021benii au gradul cel mai sc\u0103zut de \u00eencredere, conform unui studiu realizat de INSCOP \u00een 2020. Mai mult dec\u00e2t at\u00e2t, doar 10% dintre tineri vorbesc despre politic\u0103 regulat, conform unui studiu realizat de Friedrich Ebert Stiftung \u00een 2014 cu privire la aspira\u021biile \u0219i stilul de via\u021b\u0103 al tinerilor. Conform Rezolu\u021biei Consiliului privind \u00eencurajarea particip\u0103rii politice a... Read More\" \/>\n<meta property=\"og:url\" content=\"https:\/\/romaniacurata.ro\/monitoruleducatiei\/\" \/>\n<meta property=\"og:site_name\" content=\"extemporal parlamentar\" \/>\n<meta property=\"article:modified_time\" content=\"2023-02-14T19:44:21+00:00\" \/>\n<meta name=\"twitter:card\" content=\"summary_large_image\" \/>\n<meta name=\"twitter:label1\" content=\"Est. reading time\" \/>\n\t<meta name=\"twitter:data1\" content=\"2 minutes\" \/>\n<script type=\"application\/ld+json\" class=\"yoast-schema-graph\">{\"@context\":\"https:\/\/schema.org\",\"@graph\":[{\"@type\":\"WebPage\",\"@id\":\"https:\/\/romaniacurata.ro\/monitoruleducatiei\/\",\"url\":\"https:\/\/romaniacurata.ro\/monitoruleducatiei\/\",\"name\":\"Monitorul Educa\u021biei - extemporal parlamentar\",\"isPartOf\":{\"@id\":\"https:\/\/romaniacurata.ro\/monitoruleducatiei\/#website\"},\"datePublished\":\"2016-08-03T08:01:48+00:00\",\"dateModified\":\"2023-02-14T19:44:21+00:00\",\"breadcrumb\":{\"@id\":\"https:\/\/romaniacurata.ro\/monitoruleducatiei\/#breadcrumb\"},\"inLanguage\":\"en-US\",\"potentialAction\":[{\"@type\":\"ReadAction\",\"target\":[\"https:\/\/romaniacurata.ro\/monitoruleducatiei\/\"]}]},{\"@type\":\"BreadcrumbList\",\"@id\":\"https:\/\/romaniacurata.ro\/monitoruleducatiei\/#breadcrumb\",\"itemListElement\":[{\"@type\":\"ListItem\",\"position\":1,\"name\":\"Home\",\"item\":\"https:\/\/romaniacurata.ro\/monitoruleducatiei\/\"},{\"@type\":\"ListItem\",\"position\":2,\"name\":\"Monitorul Educa\u021biei\"}]},{\"@type\":\"WebSite\",\"@id\":\"https:\/\/romaniacurata.ro\/monitoruleducatiei\/#website\",\"url\":\"https:\/\/romaniacurata.ro\/monitoruleducatiei\/\",\"name\":\"extemporal parlamentar\",\"description\":\"\",\"potentialAction\":[{\"@type\":\"SearchAction\",\"target\":{\"@type\":\"EntryPoint\",\"urlTemplate\":\"https:\/\/romaniacurata.ro\/monitoruleducatiei\/?s={search_term_string}\"},\"query-input\":\"required name=search_term_string\"}],\"inLanguage\":\"en-US\"}]}<\/script>\n<!-- \/ Yoast SEO plugin. -->","yoast_head_json":{"title":"Monitorul Educa\u021biei - extemporal parlamentar","robots":{"index":"index","follow":"follow","max-snippet":"max-snippet:-1","max-image-preview":"max-image-preview:large","max-video-preview":"max-video-preview:-1"},"canonical":"https:\/\/romaniacurata.ro\/monitoruleducatiei\/","og_locale":"en_US","og_type":"article","og_title":"Monitorul Educa\u021biei - extemporal parlamentar","og_description":"[vc_row][vc_column][\/vc_column][\/vc_row][vc_row][vc_column][vc_column_text]Ce este Monitorul Educa\u021biei? Parlamentul este institu\u021bia \u00een care cet\u0103\u021benii au gradul cel mai sc\u0103zut de \u00eencredere, conform unui studiu realizat de INSCOP \u00een 2020. Mai mult dec\u00e2t at\u00e2t, doar 10% dintre tineri vorbesc despre politic\u0103 regulat, conform unui studiu realizat de Friedrich Ebert Stiftung \u00een 2014 cu privire la aspira\u021biile \u0219i stilul de via\u021b\u0103 al tinerilor. Conform Rezolu\u021biei Consiliului privind \u00eencurajarea particip\u0103rii politice a... Read More","og_url":"https:\/\/romaniacurata.ro\/monitoruleducatiei\/","og_site_name":"extemporal parlamentar","article_modified_time":"2023-02-14T19:44:21+00:00","twitter_card":"summary_large_image","twitter_misc":{"Est. reading time":"2 minutes"},"schema":{"@context":"https:\/\/schema.org","@graph":[{"@type":"WebPage","@id":"https:\/\/romaniacurata.ro\/monitoruleducatiei\/","url":"https:\/\/romaniacurata.ro\/monitoruleducatiei\/","name":"Monitorul Educa\u021biei - extemporal parlamentar","isPartOf":{"@id":"https:\/\/romaniacurata.ro\/monitoruleducatiei\/#website"},"datePublished":"2016-08-03T08:01:48+00:00","dateModified":"2023-02-14T19:44:21+00:00","breadcrumb":{"@id":"https:\/\/romaniacurata.ro\/monitoruleducatiei\/#breadcrumb"},"inLanguage":"en-US","potentialAction":[{"@type":"ReadAction","target":["https:\/\/romaniacurata.ro\/monitoruleducatiei\/"]}]},{"@type":"BreadcrumbList","@id":"https:\/\/romaniacurata.ro\/monitoruleducatiei\/#breadcrumb","itemListElement":[{"@type":"ListItem","position":1,"name":"Home","item":"https:\/\/romaniacurata.ro\/monitoruleducatiei\/"},{"@type":"ListItem","position":2,"name":"Monitorul Educa\u021biei"}]},{"@type":"WebSite","@id":"https:\/\/romaniacurata.ro\/monitoruleducatiei\/#website","url":"https:\/\/romaniacurata.ro\/monitoruleducatiei\/","name":"extemporal parlamentar","description":"","potentialAction":[{"@type":"SearchAction","target":{"@type":"EntryPoint","urlTemplate":"https:\/\/romaniacurata.ro\/monitoruleducatiei\/?s={search_term_string}"},"query-input":"required name=search_term_string"}],"inLanguage":"en-US"}]}},"_links":{"self":[{"href":"https:\/\/romaniacurata.ro\/monitoruleducatiei\/wp-json\/wp\/v2\/pages\/110","targetHints":{"allow":["GET"]}}],"collection":[{"href":"https:\/\/romaniacurata.ro\/monitoruleducatiei\/wp-json\/wp\/v2\/pages"}],"about":[{"href":"https:\/\/romaniacurata.ro\/monitoruleducatiei\/wp-json\/wp\/v2\/types\/page"}],"author":[{"embeddable":true,"href":"https:\/\/romaniacurata.ro\/monitoruleducatiei\/wp-json\/wp\/v2\/users\/1"}],"replies":[{"embeddable":true,"href":"https:\/\/romaniacurata.ro\/monitoruleducatiei\/wp-json\/wp\/v2\/comments?post=110"}],"version-history":[{"count":13,"href":"https:\/\/romaniacurata.ro\/monitoruleducatiei\/wp-json\/wp\/v2\/pages\/110\/revisions"}],"predecessor-version":[{"id":2666,"href":"https:\/\/romaniacurata.ro\/monitoruleducatiei\/wp-json\/wp\/v2\/pages\/110\/revisions\/2666"}],"wp:attachment":[{"href":"https:\/\/romaniacurata.ro\/monitoruleducatiei\/wp-json\/wp\/v2\/media?parent=110"}],"curies":[{"name":"wp","href":"https:\/\/api.w.org\/{rel}","templated":true}]}}