{"id":117,"date":"2016-08-03T08:11:40","date_gmt":"2016-08-03T08:11:40","guid":{"rendered":"http:\/\/themes.pixelwars.org\/theblogger\/default\/?page_id=117"},"modified":"2022-05-10T23:20:09","modified_gmt":"2022-05-10T23:20:09","slug":"contact","status":"publish","type":"page","link":"https:\/\/romaniacurata.ro\/monitoruleducatiei\/contact\/","title":{"rendered":"Contact"},"content":{"rendered":"<p><strong>Adresa postal\u0103:<br \/>\n<\/strong>Societatea Academic\u0103 din Rom\u00e2nia<br \/>\nstr. Mihai Eminescu 61<br \/>\nBucure\u0219ti, sector 2, cod po\u0219tal 020071<\/p>\n<p><strong>Telefon<\/strong>: 0212.111.477; 0721.261.509;<br \/>\nfax: +40.21.211.14.77<\/p>\n<p>E-mail:\u00a0<a href=\"mailto:office@sar.org.ro\">office@sar.org.ro<\/a><\/p>\n<div class=\"col-md-5\">\n<section id=\"custom_html-10\" class=\"widget_text widget widget_custom_html\">\n<div class=\"textwidget custom-html-widget\">\n<p><strong>Proiectul este derulat de Societatea Academic\u0103 din Rom\u00e2nia, \u00een parteneriat cu Asocia\u021bia pentru Dezvoltare Activ\u0103 \u0219i beneficiaz\u0103 de o finan\u021bare \u00een valoare de 99.990 euro, prin programul Active Citizens Fund Rom\u00e2nia, finan\u021bat de Islanda, Liechtenstein \u0219i Norvegia prin Granturile SEE 2014-2021. Con\u021binutul acestui website nu reprezint\u0103 \u00een mod necesar pozi\u021bia oficial\u0103 a Granturilor SEE \u0219i Norvegiene 2014-2021; pentru mai multe informa\u021bii accesa\u021bi\u00a0<a href=\"https:\/\/www.eeagrants.org\/\">www.eeagrants.org<\/a>. Informa\u021bii despre Active Citizens Fund Rom\u00e2nia sunt disponibile la\u00a0<a href=\"https:\/\/www.activectizensfund.ro\/\">www.activectizensfund.ro<\/a>.<\/strong><\/p>\n<p><b>Lucr\u0103m \u00eempreun\u0103 pentru o Europ\u0103 verde, competitiv\u0103 \u0219i incluziv\u0103!<\/b><\/p>\n<\/div>\n<\/section>\n<\/div>\n","protected":false},"excerpt":{"rendered":"<p>Adresa postal\u0103: Societatea Academic\u0103 din Rom\u00e2nia str. Mihai Eminescu 61 Bucure\u0219ti, sector 2, cod po\u0219tal 020071 Telefon: 0212.111.477; 0721.261.509; fax: +40.21.211.14.77 E-mail:\u00a0office@sar.org.ro Proiectul este derulat de Societatea Academic\u0103 din Rom\u00e2nia, \u00een parteneriat cu Asocia\u021bia pentru Dezvoltare Activ\u0103 \u0219i beneficiaz\u0103 de o finan\u021bare \u00een valoare de 99.990 euro, prin programul Active Citizens Fund Rom\u00e2nia, finan\u021bat de Islanda, Liechtenstein \u0219i Norvegia prin Granturile SEE 2014-2021. Con\u021binutul acestui&#8230; <\/p>\n<p class=\"more\"><a class=\"more-link\" href=\"https:\/\/romaniacurata.ro\/monitoruleducatiei\/contact\/\">Read More<\/a><\/p>\n","protected":false},"author":1,"featured_media":0,"parent":0,"menu_order":7,"comment_status":"closed","ping_status":"closed","template":"","meta":{"footnotes":""},"class_list":["post-117","page","type-page","status-publish","hentry"],"yoast_head":"<!-- This site is optimized with the Yoast SEO plugin v20.0 - https:\/\/yoast.com\/wordpress\/plugins\/seo\/ -->\n<title>Contact - extemporal parlamentar<\/title>\n<meta name=\"robots\" content=\"index, follow, max-snippet:-1, max-image-preview:large, max-video-preview:-1\" \/>\n<link rel=\"canonical\" href=\"https:\/\/romaniacurata.ro\/monitoruleducatiei\/contact\/\" \/>\n<meta property=\"og:locale\" content=\"en_US\" \/>\n<meta property=\"og:type\" content=\"article\" \/>\n<meta property=\"og:title\" content=\"Contact - extemporal parlamentar\" \/>\n<meta property=\"og:description\" content=\"Adresa postal\u0103: Societatea Academic\u0103 din Rom\u00e2nia str. Mihai Eminescu 61 Bucure\u0219ti, sector 2, cod po\u0219tal 020071 Telefon: 0212.111.477; 0721.261.509; fax: +40.21.211.14.77 E-mail:\u00a0office@sar.org.ro Proiectul este derulat de Societatea Academic\u0103 din Rom\u00e2nia, \u00een parteneriat cu Asocia\u021bia pentru Dezvoltare Activ\u0103 \u0219i beneficiaz\u0103 de o finan\u021bare \u00een valoare de 99.990 euro, prin programul Active Citizens Fund Rom\u00e2nia, finan\u021bat de Islanda, Liechtenstein \u0219i Norvegia prin Granturile SEE 2014-2021. Con\u021binutul acestui... Read More\" \/>\n<meta property=\"og:url\" content=\"https:\/\/romaniacurata.ro\/monitoruleducatiei\/contact\/\" \/>\n<meta property=\"og:site_name\" content=\"extemporal parlamentar\" \/>\n<meta property=\"article:modified_time\" content=\"2022-05-10T23:20:09+00:00\" \/>\n<meta name=\"twitter:card\" content=\"summary_large_image\" \/>\n<meta name=\"twitter:label1\" content=\"Est. reading time\" \/>\n\t<meta name=\"twitter:data1\" content=\"1 minute\" \/>\n<script type=\"application\/ld+json\" class=\"yoast-schema-graph\">{\"@context\":\"https:\/\/schema.org\",\"@graph\":[{\"@type\":\"WebPage\",\"@id\":\"https:\/\/romaniacurata.ro\/monitoruleducatiei\/contact\/\",\"url\":\"https:\/\/romaniacurata.ro\/monitoruleducatiei\/contact\/\",\"name\":\"Contact - extemporal parlamentar\",\"isPartOf\":{\"@id\":\"https:\/\/romaniacurata.ro\/monitoruleducatiei\/#website\"},\"datePublished\":\"2016-08-03T08:11:40+00:00\",\"dateModified\":\"2022-05-10T23:20:09+00:00\",\"breadcrumb\":{\"@id\":\"https:\/\/romaniacurata.ro\/monitoruleducatiei\/contact\/#breadcrumb\"},\"inLanguage\":\"en-US\",\"potentialAction\":[{\"@type\":\"ReadAction\",\"target\":[\"https:\/\/romaniacurata.ro\/monitoruleducatiei\/contact\/\"]}]},{\"@type\":\"BreadcrumbList\",\"@id\":\"https:\/\/romaniacurata.ro\/monitoruleducatiei\/contact\/#breadcrumb\",\"itemListElement\":[{\"@type\":\"ListItem\",\"position\":1,\"name\":\"Home\",\"item\":\"https:\/\/romaniacurata.ro\/monitoruleducatiei\/\"},{\"@type\":\"ListItem\",\"position\":2,\"name\":\"Contact\"}]},{\"@type\":\"WebSite\",\"@id\":\"https:\/\/romaniacurata.ro\/monitoruleducatiei\/#website\",\"url\":\"https:\/\/romaniacurata.ro\/monitoruleducatiei\/\",\"name\":\"extemporal parlamentar\",\"description\":\"\",\"potentialAction\":[{\"@type\":\"SearchAction\",\"target\":{\"@type\":\"EntryPoint\",\"urlTemplate\":\"https:\/\/romaniacurata.ro\/monitoruleducatiei\/?s={search_term_string}\"},\"query-input\":\"required name=search_term_string\"}],\"inLanguage\":\"en-US\"}]}<\/script>\n<!-- \/ Yoast SEO plugin. -->","yoast_head_json":{"title":"Contact - extemporal parlamentar","robots":{"index":"index","follow":"follow","max-snippet":"max-snippet:-1","max-image-preview":"max-image-preview:large","max-video-preview":"max-video-preview:-1"},"canonical":"https:\/\/romaniacurata.ro\/monitoruleducatiei\/contact\/","og_locale":"en_US","og_type":"article","og_title":"Contact - extemporal parlamentar","og_description":"Adresa postal\u0103: Societatea Academic\u0103 din Rom\u00e2nia str. Mihai Eminescu 61 Bucure\u0219ti, sector 2, cod po\u0219tal 020071 Telefon: 0212.111.477; 0721.261.509; fax: +40.21.211.14.77 E-mail:\u00a0office@sar.org.ro Proiectul este derulat de Societatea Academic\u0103 din Rom\u00e2nia, \u00een parteneriat cu Asocia\u021bia pentru Dezvoltare Activ\u0103 \u0219i beneficiaz\u0103 de o finan\u021bare \u00een valoare de 99.990 euro, prin programul Active Citizens Fund Rom\u00e2nia, finan\u021bat de Islanda, Liechtenstein \u0219i Norvegia prin Granturile SEE 2014-2021. Con\u021binutul acestui... Read More","og_url":"https:\/\/romaniacurata.ro\/monitoruleducatiei\/contact\/","og_site_name":"extemporal parlamentar","article_modified_time":"2022-05-10T23:20:09+00:00","twitter_card":"summary_large_image","twitter_misc":{"Est. reading time":"1 minute"},"schema":{"@context":"https:\/\/schema.org","@graph":[{"@type":"WebPage","@id":"https:\/\/romaniacurata.ro\/monitoruleducatiei\/contact\/","url":"https:\/\/romaniacurata.ro\/monitoruleducatiei\/contact\/","name":"Contact - extemporal parlamentar","isPartOf":{"@id":"https:\/\/romaniacurata.ro\/monitoruleducatiei\/#website"},"datePublished":"2016-08-03T08:11:40+00:00","dateModified":"2022-05-10T23:20:09+00:00","breadcrumb":{"@id":"https:\/\/romaniacurata.ro\/monitoruleducatiei\/contact\/#breadcrumb"},"inLanguage":"en-US","potentialAction":[{"@type":"ReadAction","target":["https:\/\/romaniacurata.ro\/monitoruleducatiei\/contact\/"]}]},{"@type":"BreadcrumbList","@id":"https:\/\/romaniacurata.ro\/monitoruleducatiei\/contact\/#breadcrumb","itemListElement":[{"@type":"ListItem","position":1,"name":"Home","item":"https:\/\/romaniacurata.ro\/monitoruleducatiei\/"},{"@type":"ListItem","position":2,"name":"Contact"}]},{"@type":"WebSite","@id":"https:\/\/romaniacurata.ro\/monitoruleducatiei\/#website","url":"https:\/\/romaniacurata.ro\/monitoruleducatiei\/","name":"extemporal parlamentar","description":"","potentialAction":[{"@type":"SearchAction","target":{"@type":"EntryPoint","urlTemplate":"https:\/\/romaniacurata.ro\/monitoruleducatiei\/?s={search_term_string}"},"query-input":"required name=search_term_string"}],"inLanguage":"en-US"}]}},"_links":{"self":[{"href":"https:\/\/romaniacurata.ro\/monitoruleducatiei\/wp-json\/wp\/v2\/pages\/117","targetHints":{"allow":["GET"]}}],"collection":[{"href":"https:\/\/romaniacurata.ro\/monitoruleducatiei\/wp-json\/wp\/v2\/pages"}],"about":[{"href":"https:\/\/romaniacurata.ro\/monitoruleducatiei\/wp-json\/wp\/v2\/types\/page"}],"author":[{"embeddable":true,"href":"https:\/\/romaniacurata.ro\/monitoruleducatiei\/wp-json\/wp\/v2\/users\/1"}],"replies":[{"embeddable":true,"href":"https:\/\/romaniacurata.ro\/monitoruleducatiei\/wp-json\/wp\/v2\/comments?post=117"}],"version-history":[{"count":2,"href":"https:\/\/romaniacurata.ro\/monitoruleducatiei\/wp-json\/wp\/v2\/pages\/117\/revisions"}],"predecessor-version":[{"id":2343,"href":"https:\/\/romaniacurata.ro\/monitoruleducatiei\/wp-json\/wp\/v2\/pages\/117\/revisions\/2343"}],"wp:attachment":[{"href":"https:\/\/romaniacurata.ro\/monitoruleducatiei\/wp-json\/wp\/v2\/media?parent=117"}],"curies":[{"name":"wp","href":"https:\/\/api.w.org\/{rel}","templated":true}]}}